{"id":1315,"date":"2021-10-10T16:18:42","date_gmt":"2021-10-23T14:45:02","guid":{"rendered":"https:\/\/fishingcorralejo.com\/?post_type=product&#038;p=1315"},"modified":"2026-01-24T18:44:29","modified_gmt":"2026-01-24T18:44:29","slug":"pesca-nocturna-5h","status":"publish","type":"product","link":"https:\/\/fishingcorralejo.es\/index.php\/tours\/pesca-nocturna-5h\/","title":{"rendered":"Pesca Nocturna 5h"},"content":{"rendered":"<p>Tenemos salidas nocturnas con todo el equipo incluido. En busca de peces de aguas profundas.<\/p>\n<ul>\n<li>Congrio<\/li>\n<li>Pez conejo<\/li>\n<\/ul>\n<p><strong><span style=\"color: #0000ff;\">Consulta la disponibilidad por WhatsApp antes de reservar!:<\/span> <\/strong><div data-number=\"34620016158\" data-pre_filled=\"\" data-style=\"2\" style=\"display: inline; cursor: pointer; z-index: 99999999; \" class=\"ht-ctc-sc ht-ctc-sc-chat sc-style-2 ht-ctc-inline\">\r\n<img decoding=\"async\" class=\"img-icon ctc-analytics ctc_cta\" title=\"WhatsApp us\" style=\"height: 50px;\" src=\"https:\/\/fishingcorralejo.es\/wp-content\/plugins\/click-to-chat-for-whatsapp\/.\/new\/inc\/assets\/img\/whatsapp-icon-square.svg\" alt=\"WhatsApp us\"\/>\r\n<\/div><p><!--more--><\/p>\n<table class=\"table table-bordered tours-tabs__table\" style=\"height: 233px;\" width=\"862\">\n<tbody>\n<tr>\n<td><strong><span class=\"VIiyi\" lang=\"es\"><span class=\"JLqJ4b ChMk0b\" data-language-for-alternatives=\"es\" data-language-to-translate-into=\"en\" data-phrase-index=\"0\" data-number-of-phrases=\"1\">LUGAR DE SALIDA \/ REGRESO<\/span><\/span><\/strong><\/td>\n<td>Muelle de Corralejo<\/td>\n<\/tr>\n<tr>\n<td><strong>HORA DE SALIDA<\/strong><\/td>\n<td>Atardecer<\/td>\n<\/tr>\n<tr>\n<td><strong>INCLUIDA<\/strong><\/td>\n<td>\n<table class=\"table table-bordered\" style=\"height: 62px;\" width=\"300\">\n<tbody>\n<tr>\n<td><i class=\"fa fa-check icon-tick icon-tick--on\"><\/i>Ca\u00f1as, carretes y aparejos<\/td>\n<td><i class=\"fa fa-check icon-tick icon-tick--on\"><\/i>Licencia de pesca<\/td>\n<\/tr>\n<tr>\n<td><i class=\"fa fa-check icon-tick icon-tick--on\"><\/i><span class=\"VIiyi\" lang=\"es\"><span class=\"JLqJ4b ChMk0b\" data-language-for-alternatives=\"es\" data-language-to-translate-into=\"en\" data-phrase-index=\"0\" data-number-of-phrases=\"1\">Se\u00f1uelos<\/span><\/span><\/td>\n<td><i class=\"fa fa-check icon-tick icon-tick--on\"><\/i>Bedbidas Snack<\/td>\n<\/tr>\n<\/tbody>\n<\/table>\n<\/td>\n<\/tr>\n<\/tbody>\n<\/table>\n<p>&nbsp;<\/p>\n","protected":false},"excerpt":{"rendered":"<p>Tenemos salidas nocturnas con todo el equipo incluido. En busca de peces de aguas profundas. Congrio Pez conejo Consulta la disponibilidad por WhatsApp antes de reservar!:<\/p>\n","protected":false},"featured_media":1289,"comment_status":"open","ping_status":"closed","template":"","meta":[],"product_brand":[],"product_cat":[17],"product_tag":[],"class_list":{"0":"post-1315","1":"product","2":"type-product","3":"status-publish","4":"has-post-thumbnail","6":"product_cat-uncategorized","7":"tour_category-deals-and-discounts-es","9":"first","10":"instock","11":"sale","12":"shipping-taxable","13":"purchasable","14":"product-type-tour"},"jetpack-related-posts":[{"id":1337,"url":"https:\/\/fishingcorralejo.es\/index.php\/tours\/pesca-de-fondo-privada-5h\/","url_meta":{"origin":1315,"position":0},"title":"Pesca con Carnada Viva 5h","date":"octubre 10, 2021","format":false,"excerpt":"En este viaje de 5 horas, disfrutar\u00e1 de las aguas de la costa de Canarias pescando\u00a0 con carnada viva para una variedad de especies. Incluido todo el material de pesca Consulta la disponibilidad por WhatsApp antes de reservar!: LUGAR DE SALIDA \/ REGRESO Muelle de Corralejo HORA DE SALIDA 8:00\u2026","rel":"","context":"Con 4 comentarios","img":{"alt_text":"","src":"https:\/\/i0.wp.com\/fishingcorralejo.es\/wp-content\/uploads\/2015\/07\/IMG_20191221_145818_650.jpg?resize=350%2C200&ssl=1","width":350,"height":200},"classes":[]},{"id":1313,"url":"https:\/\/fishingcorralejo.es\/index.php\/tours\/pesca-de-fondo-5h-compartido\/","url_meta":{"origin":1315,"position":1},"title":"Pesca Compartido 5h","date":"octubre 10, 2021","format":false,"excerpt":"En este viaje de 5 horas, disfrutar\u00e1 de las aguas de la costa de Canarias pescando con cebo vivo para una variedad de especies, dependiendo de la actividad se podr\u00e1 pescar a fondo o curric\u00e1n ligera. Todo el equipo de pesca incluido. Consulta la disponibilidad por WhatsApp antes de reservar!:\u2026","rel":"","context":"Con 5 comentarios","img":{"alt_text":"","src":"https:\/\/i0.wp.com\/fishingcorralejo.es\/wp-content\/uploads\/2021\/10\/20200812_130402-1_optimized-scaled.jpg?resize=350%2C200&ssl=1","width":350,"height":200},"classes":[]},{"id":1316,"url":"https:\/\/fishingcorralejo.es\/index.php\/tours\/pesca-al-currican-privado-8h\/","url_meta":{"origin":1315,"position":2},"title":"Pesca al curric\u00e1n privado 8h","date":"octubre 10, 2021","format":false,"excerpt":"\u00a1Golpee las aguas en busca de depredadores pel\u00e1gicos en este viaje de 8 horas! (Wahoo, Mahi Mahi),\u00a0 (Tunas, Marlin) y cualquier otra cosa que se cruce en sus l\u00edneas. Consulta la disponibilidad por WhatsApp antes de reservar!: LUGAR DE SALIDA \/ REGRESO Muelle de Corralejo HORA DE SALIDA 8:00 Am\u2026","rel":"","context":"Con 2 comentarios","img":{"alt_text":"","src":"https:\/\/i0.wp.com\/fishingcorralejo.es\/wp-content\/uploads\/2021\/10\/trolling-fishing-corralejo.jpeg?resize=350%2C200&ssl=1","width":350,"height":200},"classes":[]},{"id":1335,"url":"https:\/\/fishingcorralejo.es\/index.php\/tours\/pesca-al-currican-privado-5h\/","url_meta":{"origin":1315,"position":3},"title":"Pesca al curric\u00e1n privado 5h","date":"octubre 10, 2021","format":false,"excerpt":"\u00a1Golpee las aguas en busca de depredadores pel\u00e1gicos en este viaje de 5 horas! (Wahoo, Mahi Mahi), (Tunas, Marlin) y cualquier otra cosa que se cruce en sus l\u00edneas. Consulta la disponibilidad por WhatsApp antes de reservar!: LUGAR DE SALIDA \/ REGRESO Muelle de Corralejo HORA DE SALIDA 8:00 Am\u2026","rel":"","context":"Entrada similar","img":{"alt_text":"","src":"https:\/\/i0.wp.com\/fishingcorralejo.es\/wp-content\/uploads\/2015\/07\/20210428_164302-1_optimized-scaled.jpg?resize=350%2C200&ssl=1","width":350,"height":200},"classes":[]},{"id":1318,"url":"https:\/\/fishingcorralejo.es\/index.php\/tours\/pesca-en-familia-con-snorkel\/","url_meta":{"origin":1315,"position":4},"title":"Pesca con Snorkel 3h","date":"octubre 10, 2021","format":false,"excerpt":"2 en 1: Pesca y Snorkel \u00a0 En esta excursi\u00f3n contamos con: ba\u00f1o con snorkel anclado en el muelle de los Lobos y tambi\u00e9n practicaremos pesca con dos ca\u00f1as puestas, m\u00e1ximo 4 personas! Barracuda Pejerrey Peces sierra Las excursiones de pesca permiten conocer en detalle el entorno privilegiado de la\u2026","rel":"","context":"Con 6 comentarios","img":{"alt_text":"","src":"https:\/\/i0.wp.com\/fishingcorralejo.es\/wp-content\/uploads\/2015\/07\/gopr2602_1629814872236_optimized-scaled.jpg?resize=350%2C200&ssl=1","width":350,"height":200},"classes":[]},{"id":1253,"url":"https:\/\/fishingcorralejo.com\/index.php\/tours\/night-fishing-5h\/","url_meta":{"origin":1315,"position":5},"title":"Private Night Fishing 5h","date":"octubre 10, 2021","format":false,"excerpt":"Hit the waters for predators","rel":"","context":"Entrada similar","img":{"alt_text":"","src":"https:\/\/i0.wp.com\/fishingcorralejo.es\/wp-content\/uploads\/2021\/10\/20210120_192147_optimized-scaled.jpg?resize=350%2C200&ssl=1","width":350,"height":200},"classes":[]}],"_links":{"self":[{"href":"https:\/\/fishingcorralejo.es\/index.php\/wp-json\/wp\/v2\/product\/1315","targetHints":{"allow":["GET"]}}],"collection":[{"href":"https:\/\/fishingcorralejo.es\/index.php\/wp-json\/wp\/v2\/product"}],"about":[{"href":"https:\/\/fishingcorralejo.es\/index.php\/wp-json\/wp\/v2\/types\/product"}],"replies":[{"embeddable":true,"href":"https:\/\/fishingcorralejo.es\/index.php\/wp-json\/wp\/v2\/comments?post=1315"}],"wp:featuredmedia":[{"embeddable":true,"href":"https:\/\/fishingcorralejo.es\/index.php\/wp-json\/wp\/v2\/media\/1289"}],"wp:attachment":[{"href":"https:\/\/fishingcorralejo.es\/index.php\/wp-json\/wp\/v2\/media?parent=1315"}],"wp:term":[{"taxonomy":"product_brand","embeddable":true,"href":"https:\/\/fishingcorralejo.es\/index.php\/wp-json\/wp\/v2\/product_brand?post=1315"},{"taxonomy":"product_cat","embeddable":true,"href":"https:\/\/fishingcorralejo.es\/index.php\/wp-json\/wp\/v2\/product_cat?post=1315"},{"taxonomy":"product_tag","embeddable":true,"href":"https:\/\/fishingcorralejo.es\/index.php\/wp-json\/wp\/v2\/product_tag?post=1315"}],"curies":[{"name":"wp","href":"https:\/\/api.w.org\/{rel}","templated":true}]}}