{"id":2024,"date":"2022-11-20T18:20:21","date_gmt":"2022-11-20T18:20:21","guid":{"rendered":"https:\/\/fishingcorralejo.com\/?page_id=2024"},"modified":"2022-11-20T18:22:40","modified_gmt":"2022-11-20T18:22:40","slug":"terminos-y-condiciones","status":"publish","type":"page","link":"https:\/\/fishingcorralejo.es\/index.php\/terminos-y-condiciones\/","title":{"rendered":"T\u00e9rminos y Condiciones"},"content":{"rendered":"<h1><strong>Pol\u00edtica de Cancelaciones y\/o cambios:<\/strong><\/h1>\n<ul>\n<li><span style=\"font-size: 18pt;\">Antes de 5 d\u00edas de la excursi\u00f3n, sin coste<\/span><\/li>\n<\/ul>\n<p>&nbsp;<\/p>\n<ul>\n<li><span style=\"font-size: 18pt;\">3-4 d\u00edas antes de la excursi\u00f3n, tiene un cargo del 10%<\/span><\/li>\n<\/ul>\n<p>&nbsp;<\/p>\n<ul>\n<li><span style=\"font-size: 18pt;\">&lt;48 hs antes de la excursi\u00f3n, tiene un cargo del 50%<\/span><\/li>\n<\/ul>\n<p>&nbsp;<\/p>\n<ul>\n<li><span style=\"font-size: 18pt;\">&lt;24 hs antes de la excursi\u00f3n, tiene un cargo del 100%<\/span><\/li>\n<\/ul>\n","protected":false},"excerpt":{"rendered":"<p>Pol\u00edtica de Cancelaciones y\/o cambios: Antes de 5 d\u00edas de la excursi\u00f3n, sin coste &nbsp; 3-4 d\u00edas antes de la excursi\u00f3n, tiene un cargo del 10% &nbsp; &lt;48 hs antes de la excursi\u00f3n, tiene un cargo del 50% &nbsp; &lt;24 hs antes de la excursi\u00f3n, tiene un cargo del 100%<\/p>\n","protected":false},"author":1,"featured_media":0,"parent":0,"menu_order":0,"comment_status":"closed","ping_status":"closed","template":"","meta":{"footnotes":""},"class_list":["post-2024","page","type-page","status-publish","hentry"],"jetpack-related-posts":[{"id":1294,"url":"https:\/\/fishingcorralejo.es\/","url_meta":{"origin":2024,"position":0},"title":"Home","date":"julio 23, 2015","format":false,"excerpt":"[vc_row][vc_column offset=\"vc_col-md-9\"][vc_wp_text] Ofrecemos las salidas de Pesca m\u00e1s exclusivas en Corralejo Fuerteventura \u00a1Disfrute del d\u00eda de pesca para coger una gran variedad de especies con nuestro capit\u00e1n Pichon! Queremos darte la bienvenida a bordo de nuestro FAETON 910 Moraga. [\/vc_wp_text][\/vc_column][vc_column offset=\"vc_col-md-3\"][vc_empty_space height=\"40px\" el_class=\"visible-sm visible-xs\"][\/vc_column][\/vc_row][vc_row][vc_column][vc_wp_text] Pesca en Corralejo El soleado Corralejo\u2026","rel":"","context":"Entrada similar","img":{"alt_text":"","src":"","width":0,"height":0},"classes":[]},{"id":2028,"url":"https:\/\/fishingcorralejo.com\/index.php\/terms-and-conditions\/","url_meta":{"origin":2024,"position":1},"title":"Terms and Conditions","date":"noviembre 20, 2022","format":false,"excerpt":"Cancellations and\/or changes policy: Before 5 days of the excursion, free of charge \u00a0 3-4 days before the excursion, there is a charge of 10% \u00a0 <48 hours before the excursion, there is a charge of 50% \u00a0 <24 hours before the excursion, has a 100% charge","rel":"","context":"Entrada similar","img":{"alt_text":"","src":"","width":0,"height":0},"classes":[]},{"id":1423,"url":"https:\/\/fishingcorralejo.es\/index.php\/politica-de-cookies\/","url_meta":{"origin":2024,"position":2},"title":"Pol\u00edtica de cookies","date":"noviembre 14, 2021","format":false,"excerpt":"Uso de cookies \"Fishingcorralejo.com\" a trav\u00e9s de este documento, informa su pol\u00edtica de recogida y tratamiento de cookies, en cumplimiento de lo dispuesto en el art\u00edculo 22.2 de la Ley 34\/2002, de 11 de julio, de Servicios de la Sociedad de la Informaci\u00f3n y Comercio Electr\u00f3nico (LSSICE) . Las cookies\u2026","rel":"","context":"Entrada similar","img":{"alt_text":"","src":"","width":0,"height":0},"classes":[]},{"id":1342,"url":"https:\/\/fishingcorralejo.es\/index.php\/contacta-con-nosotros\/","url_meta":{"origin":2024,"position":3},"title":"Contacta con nosotros","date":"octubre 23, 2021","format":false,"excerpt":"[vc_row el_class=\"margin-bottom\"][vc_column offset=\"vc_col-md-6\"][vc_column_text] Si tienes una historia para compartir o una pregunta que no ha sido respondida en nuestro sitio web, comun\u00edquese con nosotros a trav\u00e9s de los datos de contacto que se enumeran a continuaci\u00f3n o complete el formulario a la derecha. [\/vc_column_text][vc_empty_space height=\"20px\"][\/vc_column][vc_column offset=\"vc_col-md-6\"][vc_empty_space height=\"40px\" el_class=\"visible-sm visible-xs\"][\/vc_column][\/vc_row][vc_row][vc_column][\/vc_column][\/vc_row]","rel":"","context":"Entrada similar","img":{"alt_text":"","src":"","width":0,"height":0},"classes":[]},{"id":1427,"url":"https:\/\/fishingcorralejo.es\/index.php\/politica-de-privacidad\/","url_meta":{"origin":2024,"position":4},"title":"Pol\u00edtica de privacidad","date":"noviembre 14, 2021","format":false,"excerpt":"Pol\u00edtica de privacidad De acuerdo con lo dispuesto en el Reglamento General de Protecci\u00f3n de Datos (RGPD), le informamos que trataremos sus datos personales con la finalidad de prestarle el servicio o actividad contratada en nuestro sitio web. Los datos personales proporcionados se conservar\u00e1n mientras se mantenga la relaci\u00f3n comercial,\u2026","rel":"","context":"Entrada similar","img":{"alt_text":"","src":"","width":0,"height":0},"classes":[]},{"id":11,"url":"https:\/\/fishingcorralejo.com\/index.php\/acerca-de\/","url_meta":{"origin":2024,"position":5},"title":"Acerca de","date":"septiembre 1, 2021","format":false,"excerpt":"Puedes ser un artista que quiere presentarse a s\u00ed mismo y a su trabajo o un negocio con un objetivo que describir.","rel":"","context":"Entrada similar","img":{"alt_text":"","src":"","width":0,"height":0},"classes":[]}],"_links":{"self":[{"href":"https:\/\/fishingcorralejo.es\/index.php\/wp-json\/wp\/v2\/pages\/2024","targetHints":{"allow":["GET"]}}],"collection":[{"href":"https:\/\/fishingcorralejo.es\/index.php\/wp-json\/wp\/v2\/pages"}],"about":[{"href":"https:\/\/fishingcorralejo.es\/index.php\/wp-json\/wp\/v2\/types\/page"}],"author":[{"embeddable":true,"href":"https:\/\/fishingcorralejo.es\/index.php\/wp-json\/wp\/v2\/users\/1"}],"replies":[{"embeddable":true,"href":"https:\/\/fishingcorralejo.es\/index.php\/wp-json\/wp\/v2\/comments?post=2024"}],"version-history":[{"count":2,"href":"https:\/\/fishingcorralejo.es\/index.php\/wp-json\/wp\/v2\/pages\/2024\/revisions"}],"predecessor-version":[{"id":2027,"href":"https:\/\/fishingcorralejo.es\/index.php\/wp-json\/wp\/v2\/pages\/2024\/revisions\/2027"}],"wp:attachment":[{"href":"https:\/\/fishingcorralejo.es\/index.php\/wp-json\/wp\/v2\/media?parent=2024"}],"curies":[{"name":"wp","href":"https:\/\/api.w.org\/{rel}","templated":true}]}}