{"id":1427,"date":"2021-11-14T07:45:11","date_gmt":"2021-11-14T07:45:11","guid":{"rendered":"https:\/\/fishingcorralejo.com\/?page_id=1427"},"modified":"2021-11-14T07:45:11","modified_gmt":"2021-11-14T07:45:11","slug":"politica-de-privacidad","status":"publish","type":"page","link":"https:\/\/fishingcorralejo.es\/index.php\/politica-de-privacidad\/","title":{"rendered":"Pol\u00edtica de privacidad"},"content":{"rendered":"<h1 class=\"wp-block-heading\">Pol\u00edtica de privacidad<\/h1>\r\nDe acuerdo con lo dispuesto en el Reglamento General de Protecci\u00f3n de Datos (RGPD), le informamos que trataremos sus datos personales con la finalidad de prestarle el servicio o actividad contratada en nuestro sitio web.\r\n\r\nLos datos personales proporcionados se conservar\u00e1n mientras se mantenga la relaci\u00f3n comercial, no se solicite su supresi\u00f3n por parte del interesado, ni durante 1 a\u00f1o desde la \u00faltima confirmaci\u00f3n de inter\u00e9s, ni durante el tiempo necesario para cumplir con las obligaciones legales. La empresa NO tomar\u00e1 decisiones automatizadas. Los datos no se ceder\u00e1n a terceros salvo en los casos en que exista una obligaci\u00f3n legal y los trataremos en base a su consentimiento.\r\n\r\nAsimismo, le informamos de la posibilidad de ejercitar los siguientes derechos sobre sus datos personales: derecho de acceso, rectificaci\u00f3n, supresi\u00f3n u olvido, limitaci\u00f3n, oposici\u00f3n, portabilidad y a retirar el consentimiento prestado, para ello puede enviar un correo electr\u00f3nico a: contacto @ fishingcorralejo.com\r\n\r\nAdem\u00e1s, el interesado puede dirigirse a la Autoridad de Control de Protecci\u00f3n de Datos competente para obtener informaci\u00f3n adicional o presentar una reclamaci\u00f3n.\r\n<h2>ENV\u00cdO Y REGISTRO DE DATOS PERSONALES<\/h2>\r\nEl env\u00edo de datos personales es obligatorio para contactar y recibir informaci\u00f3n sobre los servicios prestados por \u201cFishingcorralejo.com\u201d. Asimismo, no facilitar los datos personales solicitados o no aceptar esta pol\u00edtica de protecci\u00f3n de datos supone la imposibilidad de suscribirse, registrarse o recibir informaci\u00f3n sobre dichos servicios.\r\n<h2>EXACTITUD Y VERDAD DE LOS DATOS SUMINISTRADOS<\/h2>\r\nEl Usuario que remite la informaci\u00f3n a &#8220;Fishingcorralejo.com&#8221; es el \u00fanico responsable de la veracidad y correcci\u00f3n de los datos incluidos, exonerando a &#8220;Fishingcorralejo.com&#8221; de cualquier responsabilidad al respecto. Los usuarios garantizan y responden, en todo caso, de la exactitud, vigencia y autenticidad de los datos personales facilitados.\r\n\r\n&#8220;Fishingcorralejo.com&#8221; no se hace responsable de la veracidad de la informaci\u00f3n que no sea de elaboraci\u00f3n propia y de la que se indique otra fuente, por lo que no asume responsabilidad alguna por hipot\u00e9ticos perjuicios que pudieran derivarse del uso de dicha informaci\u00f3n. &#8220;Fishingcorralejo.com&#8221; se exonera de responsabilidad por cualquier da\u00f1o o perjuicio que pudiera sufrir el Usuario como consecuencia de errores, defectos u omisiones, en la informaci\u00f3n facilitada por &#8220;Fishingcorralejo.com&#8221; siempre que proceda de fuentes distintas a &#8220;Fishingcorralejo.com &#8221;\r\n<h2>ACEPTACI\u00d3N Y CONSENTIMIENTO<\/h2>\r\nEl Usuario declara haber sido informado de las condiciones sobre protecci\u00f3n de datos personales, aceptando y consintiendo el tratamiento de los mismos por parte de &#8220;Fishingcorralejo.com&#8221;, en la forma y para las finalidades indicadas en esta Pol\u00edtica de Privacidad.\r\n<h2>CAMBIOS A ESTA POL\u00cdTICA DE PRIVACIDAD<\/h2>\r\n&#8220;Fishingcorralejo.com&#8221; se reserva el derecho a modificar la presente pol\u00edtica para adaptarla a novedades legislativas o jurisprudenciales as\u00ed como a pr\u00e1cticas de la industria. En tales casos, &#8220;Fishingcorralejo.com&#8221; anunciar\u00e1 en esta p\u00e1gina los cambios introducidos con una anticipaci\u00f3n razonable a su implementaci\u00f3n.\r\n\r\nCon el fin de ofrecerle el mejor servicio y con el fin de facilitar su uso, se analizan el n\u00famero de p\u00e1ginas visitadas, el n\u00famero de visitas, as\u00ed como la actividad de los visitantes y su frecuencia de uso. A estos efectos, &#8220;Fishingcorralejo.com&#8221; utiliza la informaci\u00f3n estad\u00edstica elaborada por el Proveedor de Servicios de Internet.&nbsp;","protected":false},"excerpt":{"rendered":"<p>Pol\u00edtica de privacidad De acuerdo con lo dispuesto en el Reglamento General de Protecci\u00f3n de Datos (RGPD), le informamos que trataremos sus datos personales con la finalidad de prestarle el servicio o actividad contratada en nuestro sitio web. Los datos personales proporcionados se conservar\u00e1n mientras se mantenga la relaci\u00f3n comercial, no se solicite su supresi\u00f3n<\/p>\n<div class=\"padding-top text-center\"><a href=\"https:\/\/fishingcorralejo.es\/index.php\/politica-de-privacidad\/\" class=\"atbtn atbtn--medium atbtn--rounded atbtn--transparent\">Read more<i class=\"atbtn__icon atbtn__icon--right fa fa-long-arrow-right\"><\/i><\/a><\/div>\n","protected":false},"author":1,"featured_media":0,"parent":0,"menu_order":0,"comment_status":"closed","ping_status":"open","template":"","meta":{"footnotes":""},"class_list":["post-1427","page","type-page","status-publish","hentry"],"jetpack-related-posts":[{"id":1423,"url":"https:\/\/fishingcorralejo.es\/index.php\/politica-de-cookies\/","url_meta":{"origin":1427,"position":0},"title":"Pol\u00edtica de cookies","date":"noviembre 14, 2021","format":false,"excerpt":"Uso de cookies \"Fishingcorralejo.com\" a trav\u00e9s de este documento, informa su pol\u00edtica de recogida y tratamiento de cookies, en cumplimiento de lo dispuesto en el art\u00edculo 22.2 de la Ley 34\/2002, de 11 de julio, de Servicios de la Sociedad de la Informaci\u00f3n y Comercio Electr\u00f3nico (LSSICE) . Las cookies\u2026","rel":"","context":"Entrada similar","img":{"alt_text":"","src":"","width":0,"height":0},"classes":[]},{"id":1342,"url":"https:\/\/fishingcorralejo.es\/index.php\/contacta-con-nosotros\/","url_meta":{"origin":1427,"position":1},"title":"Contacta con nosotros","date":"octubre 23, 2021","format":false,"excerpt":"[vc_row el_class=\"margin-bottom\"][vc_column offset=\"vc_col-md-6\"][vc_column_text] Si tienes una historia para compartir o una pregunta que no ha sido respondida en nuestro sitio web, comun\u00edquese con nosotros a trav\u00e9s de los datos de contacto que se enumeran a continuaci\u00f3n o complete el formulario a la derecha. [\/vc_column_text][vc_empty_space height=\"20px\"][\/vc_column][vc_column offset=\"vc_col-md-6\"][vc_empty_space height=\"40px\" el_class=\"visible-sm visible-xs\"][\/vc_column][\/vc_row][vc_row][vc_column][\/vc_column][\/vc_row]","rel":"","context":"Entrada similar","img":{"alt_text":"","src":"","width":0,"height":0},"classes":[]},{"id":1294,"url":"https:\/\/fishingcorralejo.es\/","url_meta":{"origin":1427,"position":2},"title":"Home","date":"julio 23, 2015","format":false,"excerpt":"[vc_row][vc_column offset=\"vc_col-md-9\"][vc_wp_text] Ofrecemos las salidas de Pesca m\u00e1s exclusivas en Corralejo Fuerteventura \u00a1Disfrute del d\u00eda de pesca para coger una gran variedad de especies con nuestro capit\u00e1n Pichon! Queremos darte la bienvenida a bordo de nuestro FAETON 910 Moraga. [\/vc_wp_text][\/vc_column][vc_column offset=\"vc_col-md-3\"][vc_empty_space height=\"40px\" el_class=\"visible-sm visible-xs\"][\/vc_column][\/vc_row][vc_row][vc_column][vc_wp_text] Pesca en Corralejo El soleado Corralejo\u2026","rel":"","context":"Entrada similar","img":{"alt_text":"","src":"","width":0,"height":0},"classes":[]}],"_links":{"self":[{"href":"https:\/\/fishingcorralejo.es\/index.php\/wp-json\/wp\/v2\/pages\/1427","targetHints":{"allow":["GET"]}}],"collection":[{"href":"https:\/\/fishingcorralejo.es\/index.php\/wp-json\/wp\/v2\/pages"}],"about":[{"href":"https:\/\/fishingcorralejo.es\/index.php\/wp-json\/wp\/v2\/types\/page"}],"author":[{"embeddable":true,"href":"https:\/\/fishingcorralejo.es\/index.php\/wp-json\/wp\/v2\/users\/1"}],"replies":[{"embeddable":true,"href":"https:\/\/fishingcorralejo.es\/index.php\/wp-json\/wp\/v2\/comments?post=1427"}],"version-history":[{"count":2,"href":"https:\/\/fishingcorralejo.es\/index.php\/wp-json\/wp\/v2\/pages\/1427\/revisions"}],"predecessor-version":[{"id":1429,"href":"https:\/\/fishingcorralejo.es\/index.php\/wp-json\/wp\/v2\/pages\/1427\/revisions\/1429"}],"wp:attachment":[{"href":"https:\/\/fishingcorralejo.es\/index.php\/wp-json\/wp\/v2\/media?parent=1427"}],"curies":[{"name":"wp","href":"https:\/\/api.w.org\/{rel}","templated":true}]}}