{"id":1423,"date":"2021-11-14T07:24:15","date_gmt":"2021-11-14T07:24:15","guid":{"rendered":"https:\/\/fishingcorralejo.com\/?page_id=1423"},"modified":"2021-11-14T07:24:15","modified_gmt":"2021-11-14T07:24:15","slug":"politica-de-cookies","status":"publish","type":"page","link":"https:\/\/fishingcorralejo.es\/index.php\/politica-de-cookies\/","title":{"rendered":"Pol\u00edtica de cookies"},"content":{"rendered":"<h1>Uso de cookies<\/h1>\n<p>&#8220;Fishingcorralejo.com&#8221; a trav\u00e9s de este documento, informa su pol\u00edtica de recogida y tratamiento de cookies, en cumplimiento de lo dispuesto en el art\u00edculo 22.2 de la Ley 34\/2002, de 11 de julio, de Servicios de la Sociedad de la Informaci\u00f3n y Comercio Electr\u00f3nico (LSSICE) .<\/p>\n<p>Las cookies se almacenan en el equipo terminal del usuario (ordenador o dispositivo m\u00f3vil) y recogen informaci\u00f3n cuando visita el sitio web Fishingcorralejo.com, con el fin de mejorar su usabilidad, conocer los h\u00e1bitos de navegaci\u00f3n o necesidades de los usuarios para poder adaptarse a ellos, as\u00ed como obtener informaci\u00f3n con fines estad\u00edsticos. En el caso de aquellos usuarios que ya sean clientes, la informaci\u00f3n recabada servir\u00e1 tambi\u00e9n para su identificaci\u00f3n al acceder a las distintas herramientas que &#8220;Fishingcorralejo.com&#8221; pone a su disposici\u00f3n para la gesti\u00f3n de los servicios.<\/p>\n<p>Esta pol\u00edtica de cookies ser\u00e1 de aplicaci\u00f3n a aquellos usuarios que voluntariamente visiten las p\u00e1ginas web de \u201cFishingcorralejo.com\u201d, cumplimenten formularios de recogida de datos, accedan a las herramientas que \u201cFishingcorralejo.com\u201d pone a disposici\u00f3n de sus usuarios. clientes para gestionar sus servicios, o utilizar cualquier otro servicio del sitio web que implique la comunicaci\u00f3n de datos, o el acceso a los datos por parte de &#8220;Fishingcorralejo.com&#8221; para la prestaci\u00f3n de sus servicios.<\/p>\n<p>&#8220;Fishingcorralejo.com&#8221; informa a los usuarios de sus p\u00e1ginas web de la existencia de cookies y pone a su disposici\u00f3n esta pol\u00edtica con el fin de informarles sobre su uso y finalidad. El hecho de continuar navegando por sus p\u00e1ginas implica el conocimiento y aceptaci\u00f3n de esta pol\u00edtica por parte de dichos usuarios.<\/p>\n<h2>\u00bfQu\u00e9 tipo de cookies utilizas?<\/h2>\n<h2>Clasificado por propiedad<\/h2>\n<p>Propio: enviado y gestionado directamente por &#8220;fishingcorralejo.com&#8221;<\/p>\n<p>De terceros: enviado y gestionado por un tercero ajeno a &#8220;fishingcorralejo.com&#8221;, de forma an\u00f3nima, con el fin de realizar estudios estad\u00edsticos de navegaci\u00f3n por las p\u00e1ginas de este sitio web.<\/p>\n<h2>Clasificados por finalidad<\/h2>\n<p>T\u00e9cnicas y \/ o personalizaci\u00f3n: facilitan la navegaci\u00f3n, identificando la sesi\u00f3n, permitiendo el acceso a herramientas de acceso restringido, adem\u00e1s de personalizar las opciones disponibles. Permiten prestar el servicio solicitado previamente por el usuario.<\/p>\n<p>An\u00e1lisis y \/ o publicidad: permiten conocer el n\u00famero de visitas recibidas en los diferentes apartados de las p\u00e1ginas web, los h\u00e1bitos y tendencias de sus usuarios y en consecuencia, poder mejorar la navegaci\u00f3n y el servicio que ofrece &#8220;fishingcorralejo.com &#8220;(fundamentalmente, Google Analytics), as\u00ed como la gesti\u00f3n de los espacios publicitarios incluidos en el sitio web visitado por el usuario. Recopila datos de forma an\u00f3nima con el fin de obtener perfiles de navegaci\u00f3n de los usuarios.<\/p>\n<h2>Clasificados por su duraci\u00f3n<\/h2>\n<p>Sesi\u00f3n: recopila y almacena datos mientras el usuario accede al sitio web.<\/p>\n<p>Persistentes: recogen y almacenan los datos en el terminal del usuario durante un per\u00edodo de tiempo variable en funci\u00f3n de la finalidad para la que han sido utilizados.<\/p>\n<p>El tiempo de conservaci\u00f3n de las cookies depender\u00e1 del tipo de que se trate y siempre ser\u00e1 el m\u00ednimo necesario para cumplir con su finalidad.<\/p>\n<h2>\u00bfQui\u00e9n usa y tiene acceso a la informaci\u00f3n de las cookies que instalamos?<\/h2>\n<p>Solo el propietario de este sitio web y la empresa que proporciona el servicio de an\u00e1lisis y mantenimiento del sitio al propietario utilizan y tienen acceso a las cookies del sitio. Los terceros que hayan almacenado cookies en su computadora tendr\u00e1n acceso a ellas. En cualquier caso, el usuario puede configurar su navegador para que la recepci\u00f3n de todas o algunas de las cookies est\u00e9 desactivada o bloqueada. El hecho de no querer recibir estas cookies no constituye un impedimento para acceder a la informaci\u00f3n de los sitios web &#8220;fishingcorralejo.com&#8221;, aunque el uso de algunos servicios puede ser limitado. Si una vez otorgado el consentimiento para la recepci\u00f3n de cookies se desea retirarlo, se deber\u00e1n eliminar las almacenadas en el ordenador del usuario, a trav\u00e9s de las opciones de los distintos navegadores.<\/p>\n<h2>\u00bfC\u00f3mo gestionar sus preferencias de cookies?<\/h2>\n<ul>\n<li><a href=\"http:\/\/windows.microsoft.com\/es-es\/windows7\/how-to-manage-cookies%20-in-internet-explorer-9\">Internet Explorer<\/a><\/li>\n<li><a href=\"https:\/\/support.google.com\/chrome\/answer\/95647?hl=es\">Chrome<\/a><\/li>\n<li>Firefox<\/li>\n<li><a href=\"http:\/\/support.apple.com\/kb\/HT1677?viewlocale=es_ES\">iOS (Safari)<\/a><\/li>\n<li><a href=\"http:\/\/www.usa.gov\/optout-instructions.shtml#android\">Android<\/a><\/li>\n<\/ul>\n","protected":false},"excerpt":{"rendered":"<p>Uso de cookies &#8220;Fishingcorralejo.com&#8221; a trav\u00e9s de este documento, informa su pol\u00edtica de recogida y tratamiento de cookies, en cumplimiento de lo dispuesto en el art\u00edculo 22.2 de la Ley 34\/2002, de 11 de julio, de Servicios de la Sociedad de la Informaci\u00f3n y Comercio Electr\u00f3nico (LSSICE) . Las cookies se almacenan en el equipo<\/p>\n<div class=\"padding-top text-center\"><a href=\"https:\/\/fishingcorralejo.es\/index.php\/politica-de-cookies\/\" class=\"atbtn atbtn--medium atbtn--rounded atbtn--transparent\">Read more<i class=\"atbtn__icon atbtn__icon--right fa fa-long-arrow-right\"><\/i><\/a><\/div>\n","protected":false},"author":1,"featured_media":0,"parent":0,"menu_order":0,"comment_status":"closed","ping_status":"closed","template":"","meta":{"footnotes":""},"class_list":["post-1423","page","type-page","status-publish","hentry"],"jetpack-related-posts":[{"id":1427,"url":"https:\/\/fishingcorralejo.es\/index.php\/politica-de-privacidad\/","url_meta":{"origin":1423,"position":0},"title":"Pol\u00edtica de privacidad","date":"noviembre 14, 2021","format":false,"excerpt":"Pol\u00edtica de privacidad De acuerdo con lo dispuesto en el Reglamento General de Protecci\u00f3n de Datos (RGPD), le informamos que trataremos sus datos personales con la finalidad de prestarle el servicio o actividad contratada en nuestro sitio web. Los datos personales proporcionados se conservar\u00e1n mientras se mantenga la relaci\u00f3n comercial,\u2026","rel":"","context":"Entrada similar","img":{"alt_text":"","src":"","width":0,"height":0},"classes":[]},{"id":1294,"url":"https:\/\/fishingcorralejo.es\/","url_meta":{"origin":1423,"position":1},"title":"Home","date":"julio 23, 2015","format":false,"excerpt":"[vc_row][vc_column offset=\"vc_col-md-9\"][vc_wp_text] Ofrecemos las salidas de Pesca m\u00e1s exclusivas en Corralejo Fuerteventura \u00a1Disfrute del d\u00eda de pesca para coger una gran variedad de especies con nuestro capit\u00e1n Pichon! Queremos darte la bienvenida a bordo de nuestro FAETON 910 Moraga. [\/vc_wp_text][\/vc_column][vc_column offset=\"vc_col-md-3\"][vc_empty_space height=\"40px\" el_class=\"visible-sm visible-xs\"][\/vc_column][\/vc_row][vc_row][vc_column][vc_wp_text] Pesca en Corralejo El soleado Corralejo\u2026","rel":"","context":"Entrada similar","img":{"alt_text":"","src":"","width":0,"height":0},"classes":[]},{"id":2024,"url":"https:\/\/fishingcorralejo.es\/index.php\/terminos-y-condiciones\/","url_meta":{"origin":1423,"position":2},"title":"T\u00e9rminos y Condiciones","date":"noviembre 20, 2022","format":false,"excerpt":"Pol\u00edtica de Cancelaciones y\/o cambios: Antes de 5 d\u00edas de la excursi\u00f3n, sin coste \u00a0 3-4 d\u00edas antes de la excursi\u00f3n, tiene un cargo del 10% \u00a0 <48 hs antes de la excursi\u00f3n, tiene un cargo del 50% \u00a0 <24 hs antes de la excursi\u00f3n, tiene un cargo del 100%","rel":"","context":"Entrada similar","img":{"alt_text":"","src":"","width":0,"height":0},"classes":[]},{"id":1342,"url":"https:\/\/fishingcorralejo.es\/index.php\/contacta-con-nosotros\/","url_meta":{"origin":1423,"position":3},"title":"Contacta con nosotros","date":"octubre 23, 2021","format":false,"excerpt":"[vc_row el_class=\"margin-bottom\"][vc_column offset=\"vc_col-md-6\"][vc_column_text] Si tienes una historia para compartir o una pregunta que no ha sido respondida en nuestro sitio web, comun\u00edquese con nosotros a trav\u00e9s de los datos de contacto que se enumeran a continuaci\u00f3n o complete el formulario a la derecha. [\/vc_column_text][vc_empty_space height=\"20px\"][\/vc_column][vc_column offset=\"vc_col-md-6\"][vc_empty_space height=\"40px\" el_class=\"visible-sm visible-xs\"][\/vc_column][\/vc_row][vc_row][vc_column][\/vc_column][\/vc_row]","rel":"","context":"Entrada similar","img":{"alt_text":"","src":"","width":0,"height":0},"classes":[]},{"id":11,"url":"https:\/\/fishingcorralejo.com\/index.php\/acerca-de\/","url_meta":{"origin":1423,"position":4},"title":"Acerca de","date":"septiembre 1, 2021","format":false,"excerpt":"Puedes ser un artista que quiere presentarse a s\u00ed mismo y a su trabajo o un negocio con un objetivo que describir.","rel":"","context":"Entrada similar","img":{"alt_text":"","src":"","width":0,"height":0},"classes":[]},{"id":1416,"url":"https:\/\/fishingcorralejo.com\/index.php\/cookies-policy\/","url_meta":{"origin":1423,"position":5},"title":"Cookies policy","date":"noviembre 13, 2021","format":false,"excerpt":"Use of cookies \"Fishingcorralejo.com\" through this document, informs its policy of collection and treatment of cookies, in compliance with the provisions of article 22.2 of Law 34\/2002, of July 11, on Services of the Society of Information and Electronic Commerce (LSSICE). Cookies are stored on the user's terminal equipment (computer\u2026","rel":"","context":"Entrada similar","img":{"alt_text":"","src":"","width":0,"height":0},"classes":[]}],"_links":{"self":[{"href":"https:\/\/fishingcorralejo.es\/index.php\/wp-json\/wp\/v2\/pages\/1423","targetHints":{"allow":["GET"]}}],"collection":[{"href":"https:\/\/fishingcorralejo.es\/index.php\/wp-json\/wp\/v2\/pages"}],"about":[{"href":"https:\/\/fishingcorralejo.es\/index.php\/wp-json\/wp\/v2\/types\/page"}],"author":[{"embeddable":true,"href":"https:\/\/fishingcorralejo.es\/index.php\/wp-json\/wp\/v2\/users\/1"}],"replies":[{"embeddable":true,"href":"https:\/\/fishingcorralejo.es\/index.php\/wp-json\/wp\/v2\/comments?post=1423"}],"version-history":[{"count":2,"href":"https:\/\/fishingcorralejo.es\/index.php\/wp-json\/wp\/v2\/pages\/1423\/revisions"}],"predecessor-version":[{"id":1425,"href":"https:\/\/fishingcorralejo.es\/index.php\/wp-json\/wp\/v2\/pages\/1423\/revisions\/1425"}],"wp:attachment":[{"href":"https:\/\/fishingcorralejo.es\/index.php\/wp-json\/wp\/v2\/media?parent=1423"}],"curies":[{"name":"wp","href":"https:\/\/api.w.org\/{rel}","templated":true}]}}