{"id":1342,"date":"2021-10-23T18:46:22","date_gmt":"2021-10-23T18:46:22","guid":{"rendered":"https:\/\/fishingcorralejo.com\/?page_id=1342"},"modified":"2021-12-06T16:54:53","modified_gmt":"2021-12-06T16:54:53","slug":"contacta-con-nosotros","status":"publish","type":"page","link":"https:\/\/fishingcorralejo.es\/index.php\/contacta-con-nosotros\/","title":{"rendered":"Contacta con nosotros"},"content":{"rendered":"<div class=\"wpb-content-wrapper\"><p>[vc_row el_class=&#8221;margin-bottom&#8221;][vc_column offset=&#8221;vc_col-md-6&#8243;]<div class=\"title\">\n\t\t\t<div class=\"title__subtitle\">Te gustaria hablar con nosotros?<\/div>\n\t\t<h3 class=\"title__primary\">Detalles de contacto<\/h3>\n<\/div>\n[vc_column_text]<\/p>\n<p id=\"tw-target-text\" class=\"tw-data-text tw-text-large XcVN5d tw-ta\" dir=\"ltr\" data-placeholder=\"Traducci\u00f3n\"><span class=\"Y2IQFc\" lang=\"es\" tabindex=\"-1\">Si tienes una historia para compartir o una pregunta que no ha sido respondida en nuestro sitio web, comun\u00edquese con nosotros a trav\u00e9s de los datos de contacto que se enumeran a continuaci\u00f3n o complete el formulario a la derecha.<\/span><\/p>\n<p>[\/vc_column_text]<div class=\"contact-info\">\n\t\t\t<div class=\"contact-info__item\">\n\t\t\t<div class=\"contact-info__item__icon\"><i class=\"fa fa-map-marker\"><\/i><\/div>\n\t\t\t<div class=\"contact-info__item__text\">Av. Mar\u00edtima, s\/n, 35660 Corralejo, Las Palmas<\/div>\n\t\t<\/div>\n\t\n\t<div class=\"contact-info__item\"><a href=\"tel:+34620016158\"><span class=\"contact-info__item__icon\"><i class=\"fa fa-phone\"><\/i><\/span><span class=\"contact-info__item__text\">+34 620016158<\/span><\/a><\/div>\n\t<div class=\"contact-info__item\"><a href=\"tel:+34620016158\"><span class=\"contact-info__item__icon\"><i class=\"fa fa-mobile contact-info__item__icon__mobile\"><\/i><\/span><span class=\"contact-info__item__text\">+34 620016158<\/span><\/a><\/div>\n\t<div class=\"contact-info__item\"><a href=\"mailto:contact@fishingcorralejo.com\"><span class=\"contact-info__item__icon\"><i class=\"fa fa-envelope contact-info__item__icon__email\"><\/i><\/span><span class=\"contact-info__item__text\">contact@fishingcorralejo.com<\/span><\/a><\/div>\n\t<\/div>\n[vc_empty_space height=&#8221;20px&#8221;]<div class=\"social-icons social-icons--square\">\n\t<div class=\"social-icons__icons\">\n\t<a href=\"http:\/\/facebook.com\" class=\"social-icons__icon social-icons__icon--facebook\"><i class=\"fa fa-facebook\"><\/i><\/a><a href=\"http:\/\/twitter.com\" class=\"social-icons__icon social-icons__icon--twitter\"><i class=\"fa fa-twitter\"><\/i><\/a><a href=\"http:\/\/pinterest.com\" class=\"social-icons__icon social-icons__icon--pinterest\"><i class=\"fa fa-pinterest\"><\/i><\/a><a href=\"http:\/\/linkedin.com\" class=\"social-icons__icon social-icons__icon--linkedin\"><i class=\"fa fa-linkedin\"><\/i><\/a>\t<\/div>\n<\/div>\n[\/vc_column][vc_column offset=&#8221;vc_col-md-6&#8243;][vc_empty_space height=&#8221;40px&#8221; el_class=&#8221;visible-sm visible-xs&#8221;]<div class=\"title\">\n\t\t\t<div class=\"title__subtitle\">\u00bfTienes una pregunta?<\/div>\n\t\t<h3 class=\"title__primary\">Ponte en contacto con nosotros<\/h3>\n<\/div>\n\n<div class=\"wpcf7 no-js\" id=\"wpcf7-f162-o1\" lang=\"en-US\" dir=\"ltr\" data-wpcf7-id=\"162\">\n<div class=\"screen-reader-response\"><p role=\"status\" aria-live=\"polite\" aria-atomic=\"true\"><\/p> <ul><\/ul><\/div>\n<form action=\"\/index.php\/wp-json\/wp\/v2\/pages\/1342#wpcf7-f162-o1\" method=\"post\" class=\"wpcf7-form init\" aria-label=\"Contact form\" novalidate=\"novalidate\" data-status=\"init\">\n<div style=\"display: none;\">\n<input type=\"hidden\" name=\"_wpcf7\" value=\"162\" \/>\n<input type=\"hidden\" name=\"_wpcf7_version\" value=\"6.0.5\" \/>\n<input type=\"hidden\" name=\"_wpcf7_locale\" value=\"en_US\" \/>\n<input type=\"hidden\" name=\"_wpcf7_unit_tag\" value=\"wpcf7-f162-o1\" \/>\n<input type=\"hidden\" name=\"_wpcf7_container_post\" value=\"0\" \/>\n<input type=\"hidden\" name=\"_wpcf7_posted_data_hash\" value=\"\" \/>\n<\/div>\n<div class=\"form-contact__fields-short\">\n\t<div class=\"form-contact__item-short\">\n\t\t<p><span class=\"wpcf7-form-control-wrap\" data-name=\"your-name\"><input size=\"40\" maxlength=\"400\" class=\"wpcf7-form-control wpcf7-text wpcf7-validates-as-required\" aria-required=\"true\" aria-invalid=\"false\" placeholder=\"Your name\" value=\"\" type=\"text\" name=\"your-name\" \/><\/span>\n\t\t<\/p>\n\t<\/div>\n\t<div class=\"form-contact__item-short\">\n\t\t<p><span class=\"wpcf7-form-control-wrap\" data-name=\"your-email\"><input size=\"40\" maxlength=\"400\" class=\"wpcf7-form-control wpcf7-email wpcf7-validates-as-required wpcf7-text wpcf7-validates-as-email\" aria-required=\"true\" aria-invalid=\"false\" placeholder=\"Email\" value=\"\" type=\"email\" name=\"your-email\" \/><\/span>\n\t\t<\/p>\n\t<\/div>\n<\/div>\n<p><span class=\"wpcf7-form-control-wrap\" data-name=\"tel-929\"><input size=\"40\" maxlength=\"400\" class=\"wpcf7-form-control wpcf7-tel wpcf7-validates-as-required wpcf7-text wpcf7-validates-as-tel\" aria-required=\"true\" aria-invalid=\"false\" placeholder=\"Telefon number\" value=\"\" type=\"tel\" name=\"tel-929\" \/><\/span>\n<\/p>\n<div class=\"form-contact__fields-short\">\n\t<p><span class=\"wpcf7-form-control-wrap\" data-name=\"your-subject\"><input size=\"40\" maxlength=\"400\" class=\"wpcf7-form-control wpcf7-text wpcf7-validates-as-required\" aria-required=\"true\" aria-invalid=\"false\" placeholder=\"Subject\" value=\"\" type=\"text\" name=\"your-subject\" \/><\/span>\n\t<\/p>\n<\/div>\n<p><span class=\"wpcf7-form-control-wrap\" data-name=\"your-message\"><textarea cols=\"0\" rows=\"0\" maxlength=\"2000\" class=\"wpcf7-form-control wpcf7-textarea\" aria-invalid=\"false\" placeholder=\"Message\" name=\"your-message\"><\/textarea><\/span><br \/>\n<button type=\"submit\" class=\"button button--style1 button--with-icon\"><i class=\"fa fa-paper-plane\"><\/i>Send<\/button>\n<\/p><p style=\"display: none !important;\"><label>&#916;<textarea name=\"_wpcf7_ak_hp_textarea\" cols=\"45\" rows=\"8\" maxlength=\"100\"><\/textarea><\/label><input type=\"hidden\" id=\"ak_js_1\" name=\"_wpcf7_ak_js\" value=\"137\"\/><script>document.getElementById( \"ak_js_1\" ).setAttribute( \"value\", ( new Date() ).getTime() );<\/script><\/p><div class=\"wpcf7-response-output\" aria-hidden=\"true\"><\/div>\n<\/form>\n<\/div>\n[\/vc_column][\/vc_row][vc_row][vc_column]<div id=\"googleMapCanvas1\" class=\"google-map stick-to-bottom\"><\/div>[\/vc_column][\/vc_row]<\/p>\n<\/div>","protected":false},"excerpt":{"rendered":"<p>[vc_row el_class=&#8221;margin-bottom&#8221;][vc_column offset=&#8221;vc_col-md-6&#8243;][vc_column_text] Si tienes una historia para compartir o una pregunta que no ha sido respondida en nuestro sitio web, comun\u00edquese con nosotros a trav\u00e9s de los datos de contacto que se enumeran a continuaci\u00f3n o complete el formulario a la derecha. [\/vc_column_text][vc_empty_space height=&#8221;20px&#8221;][\/vc_column][vc_column offset=&#8221;vc_col-md-6&#8243;][vc_empty_space height=&#8221;40px&#8221; el_class=&#8221;visible-sm visible-xs&#8221;][\/vc_column][\/vc_row][vc_row][vc_column][\/vc_column][\/vc_row]<\/p>\n","protected":false},"author":1,"featured_media":0,"parent":0,"menu_order":0,"comment_status":"open","ping_status":"open","template":"","meta":{"footnotes":""},"class_list":["post-1342","page","type-page","status-publish","hentry"],"jetpack-related-posts":[{"id":1427,"url":"https:\/\/fishingcorralejo.es\/index.php\/politica-de-privacidad\/","url_meta":{"origin":1342,"position":0},"title":"Pol\u00edtica de privacidad","date":"noviembre 14, 2021","format":false,"excerpt":"Pol\u00edtica de privacidad De acuerdo con lo dispuesto en el Reglamento General de Protecci\u00f3n de Datos (RGPD), le informamos que trataremos sus datos personales con la finalidad de prestarle el servicio o actividad contratada en nuestro sitio web. Los datos personales proporcionados se conservar\u00e1n mientras se mantenga la relaci\u00f3n comercial,\u2026","rel":"","context":"Entrada similar","img":{"alt_text":"","src":"","width":0,"height":0},"classes":[]},{"id":1423,"url":"https:\/\/fishingcorralejo.es\/index.php\/politica-de-cookies\/","url_meta":{"origin":1342,"position":1},"title":"Pol\u00edtica de cookies","date":"noviembre 14, 2021","format":false,"excerpt":"Uso de cookies \"Fishingcorralejo.com\" a trav\u00e9s de este documento, informa su pol\u00edtica de recogida y tratamiento de cookies, en cumplimiento de lo dispuesto en el art\u00edculo 22.2 de la Ley 34\/2002, de 11 de julio, de Servicios de la Sociedad de la Informaci\u00f3n y Comercio Electr\u00f3nico (LSSICE) . Las cookies\u2026","rel":"","context":"Entrada similar","img":{"alt_text":"","src":"","width":0,"height":0},"classes":[]},{"id":1294,"url":"https:\/\/fishingcorralejo.es\/","url_meta":{"origin":1342,"position":2},"title":"Home","date":"julio 23, 2015","format":false,"excerpt":"[vc_row][vc_column offset=\"vc_col-md-9\"][vc_wp_text] Ofrecemos las salidas de Pesca m\u00e1s exclusivas en Corralejo Fuerteventura \u00a1Disfrute del d\u00eda de pesca para coger una gran variedad de especies con nuestro capit\u00e1n Pichon! Queremos darte la bienvenida a bordo de nuestro FAETON 910 Moraga. [\/vc_wp_text][\/vc_column][vc_column offset=\"vc_col-md-3\"][vc_empty_space height=\"40px\" el_class=\"visible-sm visible-xs\"][\/vc_column][\/vc_row][vc_row][vc_column][vc_wp_text] Pesca en Corralejo El soleado Corralejo\u2026","rel":"","context":"Entrada similar","img":{"alt_text":"","src":"","width":0,"height":0},"classes":[]},{"id":11,"url":"https:\/\/fishingcorralejo.com\/index.php\/acerca-de\/","url_meta":{"origin":1342,"position":3},"title":"Acerca de","date":"septiembre 1, 2021","format":false,"excerpt":"Puedes ser un artista que quiere presentarse a s\u00ed mismo y a su trabajo o un negocio con un objetivo que describir.","rel":"","context":"Entrada similar","img":{"alt_text":"","src":"","width":0,"height":0},"classes":[]},{"id":257,"url":"https:\/\/fishingcorralejo.com\/index.php\/contact-us\/","url_meta":{"origin":1342,"position":4},"title":"Contact Us","date":"julio 16, 2015","format":false,"excerpt":"[vc_row el_class=\"margin-bottom\"][vc_column offset=\"vc_col-md-6\"][vc_column_text]If you have a story to share or a question that has not been answered on our website, please get in touch with us via contact details listed below or fill in the form on the right. [\/vc_column_text][vc_empty_space height=\"20px\"][\/vc_column][vc_column offset=\"vc_col-md-6\"][vc_empty_space height=\"40px\" el_class=\"visible-sm visible-xs\"][\/vc_column][\/vc_row][vc_row][vc_column][\/vc_column][\/vc_row]","rel":"","context":"Entrada similar","img":{"alt_text":"","src":"","width":0,"height":0},"classes":[]},{"id":2024,"url":"https:\/\/fishingcorralejo.es\/index.php\/terminos-y-condiciones\/","url_meta":{"origin":1342,"position":5},"title":"T\u00e9rminos y Condiciones","date":"noviembre 20, 2022","format":false,"excerpt":"Pol\u00edtica de Cancelaciones y\/o cambios: Antes de 5 d\u00edas de la excursi\u00f3n, sin coste \u00a0 3-4 d\u00edas antes de la excursi\u00f3n, tiene un cargo del 10% \u00a0 <48 hs antes de la excursi\u00f3n, tiene un cargo del 50% \u00a0 <24 hs antes de la excursi\u00f3n, tiene un cargo del 100%","rel":"","context":"Entrada similar","img":{"alt_text":"","src":"","width":0,"height":0},"classes":[]}],"_links":{"self":[{"href":"https:\/\/fishingcorralejo.es\/index.php\/wp-json\/wp\/v2\/pages\/1342","targetHints":{"allow":["GET"]}}],"collection":[{"href":"https:\/\/fishingcorralejo.es\/index.php\/wp-json\/wp\/v2\/pages"}],"about":[{"href":"https:\/\/fishingcorralejo.es\/index.php\/wp-json\/wp\/v2\/types\/page"}],"author":[{"embeddable":true,"href":"https:\/\/fishingcorralejo.es\/index.php\/wp-json\/wp\/v2\/users\/1"}],"replies":[{"embeddable":true,"href":"https:\/\/fishingcorralejo.es\/index.php\/wp-json\/wp\/v2\/comments?post=1342"}],"version-history":[{"count":7,"href":"https:\/\/fishingcorralejo.es\/index.php\/wp-json\/wp\/v2\/pages\/1342\/revisions"}],"predecessor-version":[{"id":1530,"href":"https:\/\/fishingcorralejo.es\/index.php\/wp-json\/wp\/v2\/pages\/1342\/revisions\/1530"}],"wp:attachment":[{"href":"https:\/\/fishingcorralejo.es\/index.php\/wp-json\/wp\/v2\/media?parent=1342"}],"curies":[{"name":"wp","href":"https:\/\/api.w.org\/{rel}","templated":true}]}}